{"id":1632,"date":"2024-03-02T16:32:48","date_gmt":"2024-03-02T16:32:48","guid":{"rendered":"https:\/\/bodyvivid.com\/?post_type=product&#038;p=1632"},"modified":"2024-06-21T07:02:01","modified_gmt":"2024-06-21T07:02:01","slug":"original-japanese-matcha-tea-slimming-detox-antioxidant-fat-burner-10g-20pcs","status":"publish","type":"product","link":"https:\/\/bodyvivid.com\/en\/product\/original-japanese-matcha-tea-slimming-detox-antioxidant-fat-burner-10g-20pcs\/","title":{"rendered":"Japanese Matcha Green Tea for Weight Loss"},"content":{"rendered":"\t\t<div data-elementor-type=\"wp-post\" data-elementor-id=\"1632\" class=\"elementor elementor-1632\" data-elementor-post-type=\"product\">\n\t\t\t\t<div class=\"wd-negative-gap elementor-element elementor-element-41e879c e-flex e-con-boxed e-con e-parent\" data-id=\"41e879c\" data-element_type=\"container\">\n\t\t\t\t\t<div class=\"e-con-inner\">\n\t\t\t\t<div class=\"elementor-element elementor-element-5d94990 elementor-widget elementor-widget-wd_text_block\" data-id=\"5d94990\" data-element_type=\"widget\" data-widget_type=\"wd_text_block.default\">\n\t\t\t\t<div class=\"elementor-widget-container\">\n\t\t\t\t\t\t<link rel=\"stylesheet\" id=\"wd-text-block-css\" href=\"https:\/\/bodyvivid.com\/wp-content\/themes\/woodmart\/css\/parts\/el-text-block.min.css?ver=7.4.3\" type=\"text\/css\" media=\"all\" \/> \t\t\t\t\t<div class=\"wd-text-block reset-last-child text-left\">\n\t\t\t\n\t\t\t<p>Original Japanese Matcha Tea Slimming Detox Antioxidant Fat Burner, 10g, 20pcs<\/p><p>Natural matcha powders obtained from imported Japanese matcha tea of the \u201cJapanese Premium Matcha\u201d brand, which are filtered by nutritionists, are combined with the special herbal formula of Bilge \u0130la\u00e7 A.\u015e.<\/p><p>Antioxidant Depot, Metabolic Monster Detox Matcha Tea<\/p><p>1 box \/ 20 sachets x 10 gr<\/p><p>Ingredients: Yeshilcay (matcha) 70%, spirulina,<\/p><p>Sweetened by senna (cinemaki), strawberry flavor and flavor.<\/p><p>Store in a cool dry place away from sunlight.<\/p><p><b>How does Matcha Tea work?<\/b><\/p><p>\u00a0<\/p><p><span style=\"font-weight: 400;\">Japanese Matcha Tea works by virtue of its rich composition of antioxidants and natural ingredients to accelerate metabolism and fat burning. It helps in removing excess oils from the body and effectively losing stored fats. It regulates the digestive system, supports metabolism, and thus promotes healthy weight loss, aiding in fat burning even while sleeping.<\/span><\/p><p><b>Japanese Matcha Tea Benefits:<\/b><\/p><ul><li style=\"font-weight: 400;\" aria-level=\"1\"><span style=\"font-weight: 400;\">Helps in feeling full.<\/span><\/li><li style=\"font-weight: 400;\" aria-level=\"1\"><span style=\"font-weight: 400;\">Accelerates metabolism and quickly burns fat.<\/span><\/li><li style=\"font-weight: 400;\" aria-level=\"1\"><span style=\"font-weight: 400;\">Traps stored fats and carbohydrates and expels them from the body.<\/span><\/li><li style=\"font-weight: 400;\" aria-level=\"1\"><span style=\"font-weight: 400;\">Improves digestion: Provides a regulatory effect on the digestive system.<\/span><\/li><li style=\"font-weight: 400;\" aria-level=\"1\"><span style=\"font-weight: 400;\">Contains ingredients that boost energy levels and provide a feeling of vitality.<\/span><\/li><li style=\"font-weight: 400;\" aria-level=\"1\"><span style=\"font-weight: 400;\">Antioxidant power 10 times stronger than green tea.<\/span><\/li><li style=\"font-weight: 400;\" aria-level=\"1\"><span style=\"font-weight: 400;\">Suitable for diabetics and helps regulate blood sugar levels.<\/span><span style=\"font-weight: 400;\"><br \/><\/span><span style=\"font-weight: 400;\"><br \/><\/span><b>How to prepare matcha tea:<\/b><b><br \/><\/b><b>The package contains 20 sachets for 20 days.<\/b><b><br \/><\/b><span style=\"font-weight: 400;\">Sift 1-2 tsp matcha powder into a tea bowl and add hot \u2013 but not boiling \u2013 water. Whisk the tea vigorously in a zig-zag motion until it\u2019s frothy and enjoy!<\/span><span style=\"font-weight: 400;\"><br \/><\/span><span style=\"font-weight: 400;\">Add more water if the flavor is too strong for you.<\/span><span style=\"font-weight: 400;\"><br \/><\/span><span style=\"font-weight: 400;\"><br \/><\/span><b>How to Prepare Matcha Latte<\/b><\/li><\/ul><p><span style=\"font-weight: 400;\">You can use any type of milk with it.<\/span><span style=\"font-weight: 400;\"><br \/><\/span><span style=\"font-weight: 400;\">After heating the milk, you can add a little honey if desired.<\/span><\/p><p><b>With Special Juices<\/b><\/p><p><span style=\"font-weight: 400;\">Just one or two teaspoons will suffice.<\/span><\/p><p><span style=\"font-weight: 400;\">Try several different blends to find the one that works best with the taste of matcha.<\/span><\/p><p><span style=\"font-weight: 400;\">As a Topping It can be sprinkled on oatmeal and granola and added to your favorite breakfast.<\/span><\/p><p><b>With yogurt:<\/b><span style=\"font-weight: 400;\"><br \/><\/span><span style=\"font-weight: 400;\"> Mix one teaspoon of matcha into half a cup of yogurt, then blend well.<\/span><\/p><p><span style=\"font-weight: 400;\">Add some fruits, nuts, seeds, and a little honey for a healthy treat.<\/span><span style=\"font-weight: 400;\"><br \/><br \/><\/span><\/p><p>\u00a0<\/p><h3><b>Ingredients:<\/b><\/h3><ul><li style=\"font-weight: 400;\" aria-level=\"1\"><span style=\"font-weight: 400;\">Green tea (Matcha) 70%<\/span><\/li><li style=\"font-weight: 400;\" aria-level=\"1\"><span style=\"font-weight: 400;\">Spirulina senna (Cassia)<\/span><\/li><li style=\"font-weight: 400;\" aria-level=\"1\"><span style=\"font-weight: 400;\">Strawberry flavor<\/span><\/li><\/ul><h3><b>Contraindications:<\/b><\/h3><ul><li style=\"font-weight: 400;\" aria-level=\"1\"><span style=\"font-weight: 400;\">Breastfeeding and pregnant women<\/span><\/li><li style=\"font-weight: 400;\" aria-level=\"1\"><span style=\"font-weight: 400;\">Children and individuals under 18 years of age<\/span><\/li><\/ul><h3><b>Side Effects:<\/b><\/h3><ul><li style=\"font-weight: 400;\" aria-level=\"1\"><span style=\"font-weight: 400;\">No side effects<\/span><\/li><\/ul><h3><b>Additional Instructions:<\/b><\/h3><ul><li style=\"font-weight: 400;\" aria-level=\"1\"><span style=\"font-weight: 400;\">Store in a cool, dry place away from sunlight.<\/span><\/li><li style=\"font-weight: 400;\" aria-level=\"1\"><span style=\"font-weight: 400;\">Preferably store in a place away from moisture and direct heat to maintain its quality.<\/span><\/li><li style=\"font-weight: 400;\" aria-level=\"1\"><span style=\"font-weight: 400;\">Can be used as part of a balanced diet and healthy lifestyle to achieve the best results in weight loss.<\/span><\/li><\/ul>\n\t\t\t\t\t<\/div>\n\t\t\t\t<\/div>\n\t\t\t\t<\/div>\n\t\t\t\t\t<\/div>\n\t\t\t\t<\/div>\n\t\t\t\t<\/div>\n\t\t","protected":false},"excerpt":{"rendered":"<p>Detox Antioxidant Fat Burner, 10g, 20pc Burner, 10g, 20pc<br \/>\nOriginal Japanese Matcha Tea for Weight Loss Fat Burner &amp; Superior Daily Detox. No preservatives, no artificial flavor or color, no additives, just 100% pure natural Matcha.<\/p>\n","protected":false},"featured_media":6382,"comment_status":"open","ping_status":"closed","template":"","meta":[],"product_cat":[73,70],"product_tag":[],"class_list":{"0":"post-1632","1":"product","2":"type-product","3":"status-publish","4":"has-post-thumbnail","6":"product_cat-slimming-products","7":"product_cat-offers","9":"first","10":"instock","11":"sale","12":"taxable","13":"shipping-taxable","14":"purchasable","15":"product-type-simple"},"jetpack_sharing_enabled":true,"_links":{"self":[{"href":"https:\/\/bodyvivid.com\/en\/wp-json\/wp\/v2\/product\/1632","targetHints":{"allow":["GET"]}}],"collection":[{"href":"https:\/\/bodyvivid.com\/en\/wp-json\/wp\/v2\/product"}],"about":[{"href":"https:\/\/bodyvivid.com\/en\/wp-json\/wp\/v2\/types\/product"}],"replies":[{"embeddable":true,"href":"https:\/\/bodyvivid.com\/en\/wp-json\/wp\/v2\/comments?post=1632"}],"version-history":[{"count":7,"href":"https:\/\/bodyvivid.com\/en\/wp-json\/wp\/v2\/product\/1632\/revisions"}],"predecessor-version":[{"id":6390,"href":"https:\/\/bodyvivid.com\/en\/wp-json\/wp\/v2\/product\/1632\/revisions\/6390"}],"wp:featuredmedia":[{"embeddable":true,"href":"https:\/\/bodyvivid.com\/en\/wp-json\/wp\/v2\/media\/6382"}],"wp:attachment":[{"href":"https:\/\/bodyvivid.com\/en\/wp-json\/wp\/v2\/media?parent=1632"}],"wp:term":[{"taxonomy":"product_cat","embeddable":true,"href":"https:\/\/bodyvivid.com\/en\/wp-json\/wp\/v2\/product_cat?post=1632"},{"taxonomy":"product_tag","embeddable":true,"href":"https:\/\/bodyvivid.com\/en\/wp-json\/wp\/v2\/product_tag?post=1632"}],"curies":[{"name":"wp","href":"https:\/\/api.w.org\/{rel}","templated":true}]}}